{"id":1733,"date":"2009-07-01T15:33:25","date_gmt":"2009-07-01T13:33:25","guid":{"rendered":"?page_id=1733"},"modified":"2012-06-08T09:48:06","modified_gmt":"2012-06-08T07:48:06","slug":"pellegrini-patricia","status":"publish","type":"page","link":"https:\/\/sociologie.univ-paris8.fr\/?page_id=1733","title":{"rendered":"Pellegrini Patricia"},"content":{"rendered":"<h3>ATER<\/h3>\n<p><strong>Th\u00e8me de recherche<\/strong><br \/>\nDocteur en anthropologie, form\u00e9e \u00e0 l&rsquo;anthropologie du proche et aux sciences studies, je travaille plus particuli\u00e8rement sur la mani\u00e8re dont se construisent les rapports au vivant non-humain dans le contexte des soci\u00e9t\u00e9s industrialis\u00e9es et urbanis\u00e9es. Ceci permet \u00e0 la fois de questionner le \u00ab\u00a0grand partage\u00a0\u00bb (voir Jack Goody), entre autre, entre nature et culture et d&rsquo;analyser comment la m\u00e9diation de la \u00ab\u00a0nature\u00a0\u00bb modifie (ou pas) les rapports entre humains.<\/p>\n<p><strong>Enseignements<\/strong><br \/>\nAire culturelle Europe<br \/>\nAnthropologie de l&rsquo;environnement<\/p>\n<p><strong>Publications r\u00e9centes<\/strong><br \/>\nAvec Eric Rochard, 2008 \u00ab Les Poissons migrateurs, des indicateurs de la qualit\u00e9 des relations entre les humains et avec leur milieu \u00bb. In <em>L\u2019apr\u00e8s d\u00e9veloppement Durable : espaces, nature, culture et qualit\u00e9s<\/em>, ed Ellipses, Paris : 277-284.<\/p>\n<p>Avec Yves Miserey,  2006, <em>Le Groupe Radio-\u00e9cologique Nord-Cotentin : l\u2019expertise pluraliste en pratique<\/em>. Ed. La Documentation fran\u00e7aise, 212 pages.<\/p>\n<p>2005. \u00ab Cartographie et chronologie d\u2019une invasion : le ph\u00e9nom\u00e8ne Caulerpa taxifolia \u00bb In E.R\u00e9my, V.November, C.d\u2019Alessandro-Scarpari et F.Charvolin (dir.), <em>Espaces, savoirs et incertitudes<\/em>. Ibis-Press, Paris : 33-48.<\/p>\n","protected":false},"excerpt":{"rendered":"<p>ATER Th\u00e8me de recherche Docteur en anthropologie, form\u00e9e \u00e0 l&rsquo;anthropologie du proche et aux sciences studies, je travaille plus particuli\u00e8rement sur la mani\u00e8re dont se construisent les rapports au vivant non-humain dans le contexte des soci\u00e9t\u00e9s industrialis\u00e9es et urbanis\u00e9es. Ceci permet \u00e0 la fois de questionner le \u00ab\u00a0grand partage\u00a0\u00bb (voir Jack Goody), entre autre, entre&hellip;<\/p>\n","protected":false},"author":1,"featured_media":0,"parent":102,"menu_order":0,"comment_status":"closed","ping_status":"closed","template":"","meta":{"footnotes":""},"class_list":["post-1733","page","type-page","status-publish","hentry","description-off"],"_links":{"self":[{"href":"https:\/\/sociologie.univ-paris8.fr\/index.php?rest_route=\/wp\/v2\/pages\/1733","targetHints":{"allow":["GET"]}}],"collection":[{"href":"https:\/\/sociologie.univ-paris8.fr\/index.php?rest_route=\/wp\/v2\/pages"}],"about":[{"href":"https:\/\/sociologie.univ-paris8.fr\/index.php?rest_route=\/wp\/v2\/types\/page"}],"author":[{"embeddable":true,"href":"https:\/\/sociologie.univ-paris8.fr\/index.php?rest_route=\/wp\/v2\/users\/1"}],"replies":[{"embeddable":true,"href":"https:\/\/sociologie.univ-paris8.fr\/index.php?rest_route=%2Fwp%2Fv2%2Fcomments&post=1733"}],"version-history":[{"count":2,"href":"https:\/\/sociologie.univ-paris8.fr\/index.php?rest_route=\/wp\/v2\/pages\/1733\/revisions"}],"predecessor-version":[{"id":4768,"href":"https:\/\/sociologie.univ-paris8.fr\/index.php?rest_route=\/wp\/v2\/pages\/1733\/revisions\/4768"}],"up":[{"embeddable":true,"href":"https:\/\/sociologie.univ-paris8.fr\/index.php?rest_route=\/wp\/v2\/pages\/102"}],"wp:attachment":[{"href":"https:\/\/sociologie.univ-paris8.fr\/index.php?rest_route=%2Fwp%2Fv2%2Fmedia&parent=1733"}],"curies":[{"name":"wp","href":"https:\/\/api.w.org\/{rel}","templated":true}]}}