{"id":157,"date":"2006-08-29T22:46:05","date_gmt":"2006-08-29T20:46:05","guid":{"rendered":"?page_id=157"},"modified":"2010-05-10T14:31:51","modified_gmt":"2010-05-10T12:31:51","slug":"gardey-delphine","status":"publish","type":"page","link":"https:\/\/sociologie.univ-paris8.fr\/?page_id=157","title":{"rendered":"Gardey Delphine"},"content":{"rendered":"<h3><img src='wp-content\/uploads\/2008\/04\/gardey.jpg' alt='Delphine Gardey' class=\"alignright\"\/>Ma\u00eetresse de conf\u00e9rence, habilit\u00e9e \u00e0 diriger des recherches.<\/h3>\n<p><b>Mise \u00e0 jour en 2010<\/b> Historienne et sociologue, Delphine Gardey est maintenant <a href=\"http:\/\/www.unige.ch\/etudes-genre\/Presentation\/Equipe-1\/DelphineGardey\/CurriculumVitae.html\">professeure de sociologie \u00e0 l&rsquo;universit\u00e9 de Gen\u00e8ve (Conf\u00e9d\u00e9ration helv\u00e9tique)<\/a> apr\u00e8s l&rsquo;avoir \u00e9t\u00e9 \u00e0 l&rsquo;universit\u00e9 de Versailles Saint Quentin en Yvelines.<\/p>\n<p>Affiliations institutionnelles\u00a0:  Membre du laboratoire Genre, Travail, Mobilit\u00e9s, UMR CNRS 7183- Universit\u00e9 Paris 8-Universit\u00e9 Paris X.<br \/>\nAssoci\u00e9e au Centre de recherche en histoire des sciences et des techniques &#8211; Centre Alexandre Koyr\u00e9 \u2013 UMR CNRS 8560-Cit\u00e9 des sciences et de l\u2019industrie\/EHESS\/Museum  d\u2019histoire naturelle.\u00a0<br \/>\nTh\u00e8mes de recherche\u00a0: histoire et sociologie du genre, th\u00e9orie f\u00e9ministe, histoire et sociologie des techniques, genre et science, France, mondes occidentaux XIXe-XXe si\u00e8cles, monde des employ\u00e9s, bureau, soci\u00e9t\u00e9s de l\u2019information, technologies de l\u2019\u00e9crit, technologies politiques.\u00a0<\/p>\n<p>Membre du comit\u00e9 de r\u00e9daction de la revue <i>Travail, Genre, Soci\u00e9t\u00e9s<\/i>, GDRE, Genre et march\u00e9 du travail.<br \/>\n<a href=\"?page_id=89\">e-mail<\/a><\/p>\n<h3>Publications\u00a0:<\/h3>\n<p><img decoding=\"async\" src=\"http:\/\/ec1.images-amazon.com\/images\/P\/270113045X.01._PB_SCMZZZZZZZ_.jpg\" class=\"alignright\"\/><b>Livres : <\/b><br \/>\nGardey Delphine (janvier 2008), <i>Ecrire, calculer, classer. Comment une r\u00e9volution de papier a transform\u00e9 les soci\u00e9t\u00e9s contemporaines (1800-1940),<\/i> Paris, la D\u00e9couverte, Collection textes \u00e0 l\u2019appui. Anthropologie des sciences et des techniques.\u00a0<br \/>\nGardey Delphine (2001), <i>La dactylographe et l\u2019exp\u00e9ditionnaire. Histoire des employ\u00e9s de bureau (1890-1930)<\/i>, Paris, Belin.\u00a0<br \/>\n<b>Codirection d\u2019ouvrages collectifs : <\/b><br \/>\nChabaud-Rychter Danielle et Gardey Delphine (dir.) (2002), <i>L\u2019engendrement des choses. Des hommes, des femmes et des techniques<\/i>, Paris, Editions des archives contemporaines.<br \/>\nGardey Delphine et Ilana L\u00f6wy (dir.) (2000), <i>L\u2019invention du naturel. Les sciences et la fabrication du f\u00e9minin et du masculin<\/i>, Paris, Editions des archives contemporaines.\u00a0<br \/>\n<b>Co\u00e9dition d\u2019une anthologie\u00a0:<\/b><br \/>\nHaraway Donna (2007) <i>Manifeste cyborg et autres essais. Sciences, fictions, f\u00e9minismes<\/i>, anthologie \u00e9tablie par Laurence Allard, Delphine Gardey et Nathalie Magnan, Paris, Exils.\u00a0<br \/>\n<b>HDR\u00a0:<\/b><br \/>\n Gardey Delphine (2006), <i>Travail, techniques, sciences et genre. Recherches en histoire et en sociologie<\/i>, Habilitation \u00e0 diriger les recherches, EHESS, 3 volumes.\u00a0<br \/>\n<b>Direction de num\u00e9ros ou dossiers de revues : <\/b><br \/>\nGardey Delphine et Cacouault Marlaine (dir.) (2006) \u00ab Actes du colloque international \u00abScience, recherche et genre\u00bb organis\u00e9 par D. Gardey \u00e0 la Cit\u00e9 des Sciences et de l\u2019Industrie, Paris, 29 novembre 2005, (22 contributions), <i>Les Cahiers du GDRE Mage<\/i>, Paris.<br \/>\nGardey Delphine et Cacaouault Marlaine (dir.) (2005) \u00ab Sciences, recherche et genre \u00bb, <i>Travail Genre et Soci\u00e9t\u00e9<\/i>, 14, novembre 2005, Paris, L\u2019harmattan.<br \/>\nGardey Delphine (2006) (dir.) \u00ab Controverse \u00bb sur le livre de Luc Boltanski, La condition f\u0153tale. Sociologie de l\u2019engendrement, in <i>Travail, Genre et Soci\u00e9t\u00e9s<\/i>, n\u00b0 15, avril 2006, Paris, L\u2019harmattan.<br \/>\nAkrich Madeleine, Chabaud-Rychter Danielle, Gardey Delphine (dir.) (2005), \u00ab <a href=\"http:\/\/www.iresco.fr\/revues\/cahiers_du_genre\/numero38.htm#haut\" target=\"_blank\"><font color=\"#0000FF\" size=\"2\" face=\"Times New Roman\">Politiques de la repr\u00e9sentation et de l\u2019identit\u00e9. Recherches en <i>Gender, cultural, queer studies<\/i><\/font><\/a> \u00bb, Cahiers du genre. (n\u00b038, 2005) &#8211; <a href=\"http:\/\/www.iresco.fr\/revues\/cahiers_du_genre\/Introduction-CahiersDuGenre-38-2005.pdf\" target=\"_blank\"><font color=\"#0000FF\" size=\"2\" face=\"Times New Roman\">introduction au format PDF<\/font><\/a> Gardey Delphine (dir.) (2004),<br \/>\n\u00ab La (non) fabrique de la parit\u00e9 : retours sur la campagne l\u00e9gislative de juin 2002 \u00bb, <i>Travail, Genre et Soci\u00e9t\u00e9s<\/i>, n\u00b0 11, avril, Paris, L\u2019harmattan, pp. 122-162. [<a href=\"http:\/\/www.tgs.cnrs.fr\/sommaires.htm#11\" target=\"_blank\">pr\u00e9sentation<\/a>]<br \/>\nAlonzo Philippe, Angeloff Tania et Gardey Delphine (dir.) (2003), \u00ab Prostitution : march\u00e9s et organisations \u00bb, <i>Travail, Genre et Soci\u00e9t\u00e9s<\/i>, n\u00b0 10, novembre, Paris, L\u2019harmattan, pp. 27-146.<br \/>\nGardey Delphine et Jacqueline Laufer (dir.) (2003), \u00ab Controverse \u00bb sur les ouvrages de Fran\u00e7oise H\u00e9ritier \u00ab F\u00e9minin-Masculin, I et II \u00bb, in <i>Travail, Genre et Soci\u00e9t\u00e9s<\/i>, n\u00b0 10, novembre, Paris, L\u2019harmattan, pp. 173-217.<br \/>\nGardey Delphine et Jacqueline Laufer (dir.) (2002), \u00ab Parit\u00e9, \u00e9galit\u00e9 : l\u2019histoire continue \u00bb. <i>Travail, Genre et Soci\u00e9t\u00e9s<\/i>, n\u00b0 7, Paris. L\u2019harmattan.<br \/>\nGardey Delphine (dir.) (2000), \u00ab Histoires de pionni\u00e8res \u00bb, <i>Travail, Genre et Soci\u00e9t\u00e9s<\/i>, 4, Paris. L\u2019harmattan, pp. 29-120.<\/p>\n<p><b>Articles dans des revues avec comit\u00e9 de lecture :<\/b><br \/>\nGardey Delphine (2005) \u00ab La part de l\u2019ombre ou celle des Lumi\u00e8res : les sciences  et la recherche au risque du genre \u00bb, <i>Travail, Genre et Soci\u00e9t\u00e9s<\/i>, 14, pp. 29- 47.\u00a0\u00a0\u00a0\u00a0\u00a0\u00a0\u00a0<br \/>\nGardey Delphine, (2005) \u00ab Les sciences et la construction des identit\u00e9s sexu\u00e9es. Une revue critique \u00bb, <i>Annales, Histoire, Sciences Sociales<\/i>, juin, pp. 649-673.<br \/>\n__ (2003), \u00ab <a href=\"http:\/\/halshs.ccsd.cnrs.fr\/halshs-00003865\" target=\"_blank\"><font color=\"#0000FF\" size=\"2\" face=\"Times New Roman\">De la domination \u00e0 l\u2019action, quel genre d\u2019usage des technologies de l\u2019information<\/font><\/a> ?\u00bb, in \u00ab Une communication sexu\u00e9e<br \/>\n? \u00bb, <i>R\u00e9seaux<\/i>, n\u00b0 120, pp. 87-118. [<a href=\"http:\/\/www.cairn.info\/resume.php?ID_REVUE=RES&amp;ID_NUMPUBLIE=RES_120&amp;ID_ARTICLE=RES_120_0087&amp;FRM=B\" target=\"_blank\"><font color=\"#0000FF\" size=\"2\" face=\"Times New Roman\">article sur cairn.info<\/font><\/a>]<br \/>\n__ (2000), \u00ab <a href=\"http:\/\/halshs.ccsd.cnrs.fr\/halshs-00003863\" target=\"_blank\"><font color=\"#0000FF\" size=\"2\" face=\"Times New Roman\">Histoires de pionni\u00e8res<\/font><\/a> \u00bb, in Gardey Delphine (dir.), \u00ab Histoire de pionni\u00e8res \u00bb, <i>Travail, Genre et Soci\u00e9t\u00e9s<\/i>, 4,<br \/>\nParis. L\u2019harmattan, pp. 29-34.<br \/>\n__ (1999), \u00ab <a href=\"http:\/\/halshs.ccsd.cnrs.fr\/halshs-00002896\" target=\"_blank\"><font color=\"#0000FF\" size=\"2\" face=\"Times New Roman\">M\u00e9caniser l\u2019\u00e9criture et photographier la parole : utopies, monde du bureau et histoires de genre et de techniques<\/font><\/a> \u00bb, <i>Annales, Histoire, Sciences Sociales<\/i>, mai-juin, n\u00b0 3, pp. 587-614. [<a href=\"http:\/\/www.persee.fr\/showPage.do?luceneQuery=%28gardey%29+AND+%28indexable_type%3Aarticlepage%3F%29&amp;words=gardey&amp;words=articlepage&amp;urn=ahess_0395-2649_1999_num_54_3_279766\" target=\"_blank\"><font color=\"#0000FF\" size=\"2\" face=\"Times New Roman\">en PDF sur persee.fr<\/font><\/a>]<br \/>\nPubli\u00e9 en anglais sous le titre :\u00a0(2001) : \u00ab <a href=\"http:\/\/halshs.ccsd.cnrs.fr\/halshs-00002896\" target=\"_blank\"><font color=\"#0000FF\" size=\"2\" face=\"Times New Roman\">Mechanizing Writing and Photographing the Word : Utopias, Office Work, and Histories of Gender and Technology<\/font><\/a> \u00bb. <i>History and Technology.<\/i> Vol. 17, pp. 319-35<br \/>\n__ (1998), \u00ab <a href=\"http:\/\/www.persee.fr\/showPage.do?urn=reso_0751-7971_1998_num_16_87_3163\">La standardisation d\u2019une pratique technique : la dactylographie (1883-1930<\/a> \u00bb, <i>R\u00e9seaux.<\/i> n\u00b0 87, pp. 75-103. Publi\u00e9 en anglais sous le titre :\u00a0 (1999), \u00ab The Standardization of a Technical Practice : Typing (1883-1930) \u00bb <i>History and Technology<\/i>, vol. 15, pp. 313-343.<br \/>\n__ (1996), \u00ab Du veston au bas de soie : identit\u00e9 et \u00e9volution du groupe des employ\u00e9s de bureau (1890-1930) \u00bb. <i>Le Mouvement Social<\/i>, n\u00b0 175, avril-juin, pp. 55-77,\u00a0<br \/>\nr\u00e9\u00e9dit\u00e9 in Fridenson, Patrick (dir.) (1997) : <i>Industrialisation et soci\u00e9t\u00e9s 1880-1970.<\/i> Paris. Les \u00e9ditions de l\u2019Atelier, pp. 168-190.<\/p>\n<p><b>Contributions \u00e0 des ouvrages collectifs et autres articles :<\/b><br \/>\nGardey Delphine (2006) \u00ab Culture of Gender, Culture of Technology : the Gendering of Things in France\u2019s Office Spaces between 1890 and 1930 \u00bb, in Novotny Helga (ed.), <i>Cultures of Technology<\/i>, Berghahn Books, New York, pp. 73-94.<br \/>\nGardey Delphine (2005), \u00ab <a href=\"http:\/\/halshs.ccsd.cnrs.fr\/halshs-00003864\" target=\"_blank\"><font color=\"#0000FF\" size=\"2\" face=\"Times New Roman\">Procr\u00e9ation, corps, sciences et techniques<\/font><\/a> \u00bb, in Maruani Margaret (dir.), <i>Femmes, sexe, genre<\/i>. L\u2019\u00e9tat<br \/>\ndes savoirs, Paris, La D\u00e9couverte.<br \/>\nGardey Delphine (2005), \u00ab Turning Public Discourse into an Authentic Artefact : Shorthand Transcription in the French National Assembly \u00bb, in Latour Bruno et Weibel Peter (eds.), <a href=\"http:\/\/mitpress.mit.edu\/catalog\/item\/default.asp?ttype=2&amp;tid=10595&amp;mode=toc\" target=\"_blank\"><font color=\"#0000FF\" size=\"2\" face=\"Times New Roman\"><i>Making Things Public<\/i><\/font><\/a>, MIT Press, 2005.<br \/>\nGardey Delphine (2005), (\u00e0 para\u00eetre), \u00ab Culture of Gender, Culture of Technology : the Gendering of Things in France\u2019s Office Spaces between 1890 and 1930 \u00bb, in Novotny Helga (ed.), <i>Cultures of Technology<\/i>, Berghahn Books, New York.<br \/>\n__ (2003), \u00ab Des \u00e9vidences fragiles : \u00e0 propos des corps des femmes, de la nature et des sciences \u00bb, <i>Actes des ateliers scientifiques pluridisciplinaires de Carg\u00e8se : Sexe et genre dans le travail scientifique<\/i>, CNRS, pp. 32-40.<br \/>\nDauphin C\u00e9cile et Gardey Delphine (2003), \u00ab Fa\u00e7ons de faire l\u2019histoire du travail et du genre \u00bb, in Laufer Jacqueline, Marry Catherine et Maruani Margaret (dir.), <i>Le travail du genre. Les sciences sociales du travail \u00e0 l\u2019\u00e9preuve de la diff\u00e9rence de sexe<\/i>, Paris, La D\u00e9couverte.<br \/>\nChabaud-Rychter Danielle et Gardey Delphine (2002), \u00ab La neutralit\u00e9 des techniques \u00e0 l\u2019\u00e9preuve de la critique \u00bb, in Chabaud-Rychter D. et Gardey Delphine (dir.), <i>L\u2019engendrement des choses. Des hommes, des femmes et des techniques<\/i>, Paris, Editions des archives contemporaines, pp. 9-48.<br \/>\nGardey Delphine (2002), \u00ab <a href=\"http:\/\/halshs.ccsd.cnrs.fr\/halshs-00003962\" target=\"_blank\"><font color=\"#0000FF\" size=\"2\" face=\"Times New Roman\">Humains et objets en action. Essai sur la r\u00e9ification de la domination masculine<\/font><\/a> \u00bb, in Chabaud-Rychter D. et Gardey<br \/>\nDelphine (dir.), <i>L\u2019engendrement des choses. Des hommes, des femmes et des techniques,<\/i> Paris, Editions des archives contemporaines, pp. 239-267.<br \/>\n__ (2001), \u00ab Des affinit\u00e9s peu \u00e9lectives : \u00e0 propos des femmes, des sciences et des techniques \u00bb, <i>Actes du colloque, Femmes dans les m\u00e9tiers scientifiques et techniques<\/i>, organis\u00e9 par l\u2019association Femmes et Sciences, Paris, Minist\u00e8re de la Recherche, 17 novembre 2001, pp. 12-20.<br \/>\nGardey Delphine et L\u00f6wy Ilana (2000), \u00ab Pour en finir avec la nature \u00bb, in Gardey Delphine et L\u00f6wy Ilana (dir.), <i>L\u2019invention du naturel. Les sciences et la fabrication du f\u00e9minin et du masculin<\/i>, pp. 9-28.<br \/>\nGardey Delphine (2000) , \u00ab Copier au bureau : de l\u2019artisanat \u00e0 l\u2019industrie (1800-1930). Histoire d\u2019une technique administrative \u00bb, in Barr\u00e9 de Miniac Christine (dir.) <i>Copie et mod\u00e8le : usages, transmission et appropriation de l\u2019\u00e9crit.<\/i> INRP. Paris. pp. 63-79.<br \/>\n__ (1998), \u00ab <a href=\"http:\/\/halshs.ccsd.cnrs.fr\/halshs-00003958\" target=\"_blank\"><font color=\"#0000FF\" size=\"2\" face=\"Times New Roman\">Perspectives historiques sur le travail des femmes<\/font><\/a> \u00bb, in Maruani, Margaret (dir.) : Les nouvelles fronti\u00e8res de l\u2019in\u00e9galit\u00e9. <i><br \/>\nHommes et femmes sur le march\u00e9 du travail.<\/i> Paris. La D\u00e9couverte. pp. 23-38.Publi\u00e9 en anglais sous le titre :\u00a0\u00ab <a href=\"http:\/\/halshs.ccsd.cnrs.fr\/halshs-00003959\" target=\"_blank\"><font color=\"#0000FF\" size=\"2\" face=\"Times New Roman\">Time and Women\u2019s<br \/>\nWork : Historical Periodisations<\/font><\/a> \u00bb, in Jenson, Jane, Laufer, Jacqueline and Maruani, Margaret (eds.) (2000) : <i>The Gendering of Inequalities : Women, Men and Work.<\/i> Ashgate. Aldershot, p. 32-48.,\u00a0en allemand :\u00a0\u00ab <a href=\"http:\/\/halshsccsd.cnrs.fr\/halshs-00003961\" target=\"_blank\"><font color=\"#0000FF\" size=\"2\" face=\"Times New Roman\">Ein Blick zur\u00fcck : Zur Geschichte der Frauenarbeit<\/font><\/a> \u00bb, in Krais, Beate, Maruani, Margaret (Hg) (2001) : <i>Frauenarbeit-M\u00e4nnerarbeit, Neue Muster der Ungleicheit auf dem europ\u00e4ischen Arbeitsmarkt<\/i>.<br \/>\nCampus Verlag. Frankfurt, pp. 38-58.\u00a0en espagnol :\u00a0\u00ab <a href=\"http:\/\/halshs.ccsd.cnrs.fr\/halshs-00003960\" target=\"_blank\"><font color=\"#0000FF\" size=\"2\" face=\"Times New Roman\">Perspectivas historicas<\/font><\/a> \u00bb, in Maruani, Margaret, Rogerat, Chantal and Torns Teresa (eds.) (2000) : <i>La nuevas fronteras de la desigualdad. Hombres y mujeres en el mercado del trabajo. <\/i>Icaria, p.35-58.<br \/>\n__ (1998), \u00ab M\u00e4nnliche R\u00e4ume-weibliche Ra\u00fcme : Die Entwicklung der B\u00fcroarbeit 1850-1940 \u00bb, in Lachmayer Herbert und Louis Eleonora (Hg) : <i>Work and Culture, B\u00fcro. Inseznierung von Arbeit. Ritter Verlag. Klagenfurt.<\/i> pp. 51-56.<br \/>\n__ (1997), \u00ab Pour une histoire technique du m\u00e9tier de comptable : \u00e9volution des conditions pratiques du travail de comptabilit\u00e9 du d\u00e9but du XIXe si\u00e8cle \u00e0 la veille de la Seconde guerre mondiale \u00bb, in Lemarchand, Yannick (ed.) : <i>Comptabilit\u00e9 : Hommes, savoirs, pratiques,<\/i> Nantes, Lagon, pp. 3-37.<br \/>\n__ (1994), \u00ab Employ\u00e9es de bureau \u00bb, in Peyri\u00e8re, Monique (dir.) : \u00ab Machines \u00e0 \u00e9crire \u00bb, <i>Autrement<\/i>, juin, pp. 45-64.<\/p>\n<p>Notices de dictionnaire :<br \/>\n__ (2001), Notices : \u00ab machine \u00e0 \u00e9crire \u00bb, \u00ab st\u00e9nographie \u00bb, \u00ab dactylographie \u00bb, \u00ab m\u00e9canographie \u00bb in Witkotski, Nicolas (dir.) : <i>Dictionnaire culturel des sciences<\/i>. Editions du Regard. Paris.<br \/>\n__ (2000), avec Danielle Chabaud-Rychter : notice \u00ab Techniques et genre \u00bb in Hirata, H\u00e9l\u00e9na, Laborie, Fran\u00e7oise et S\u00e9notier, Dani\u00e8le (dir). <i>Dictionnaire critique du f\u00e9minisme<\/i>, PUF, Paris.<\/p>\n<p>Rapports scientifiques\u00a0<br \/>\n<a href=\"http:\/\/halshs.ccsd.cnrs.fr\/halshs-00003862\" target=\"_blank\"><font color=\"#0000FF\" size=\"2\" face=\"Times New Roman\">Gardey Delphine (2000), \u00ab Enjeux des recherches sur le genre et le sexe \u00bb<\/font><\/a>, rapport r\u00e9dig\u00e9 \u00e0 la demande du conseil scientifique du CNRS.<\/p>\n<p>Ailleurs sur internet\u00a0<br \/>\nLes <a href=\"http:\/\/halshs.archives-ouvertes.fr\/index.php?action_todo=search&amp;submit=1&amp;s_type=advanced&amp;f_0=NMAUTHOR&amp;p_0=is_exactly&amp;f_1=PRAUTHOR&amp;p_1=is_exactly&amp;l_0=and&amp;halsid=f232d2511d47f17f652975a5e08fcf3c&amp;v_0=Gardey&amp;v_1=Delphine\" target=\"_blank\"><font color=\"#0000FF\" size=\"2\" face=\"Times New Roman\">Textes de Delphine Gardey sur HAL-SHS<\/font><\/a> <\/p>\n","protected":false},"excerpt":{"rendered":"<p>Ma\u00eetresse de conf\u00e9rence, habilit\u00e9e \u00e0 diriger des recherches. Mise \u00e0 jour en 2010 Historienne et sociologue, Delphine Gardey est maintenant professeure de sociologie \u00e0 l&rsquo;universit\u00e9 de Gen\u00e8ve (Conf\u00e9d\u00e9ration helv\u00e9tique) apr\u00e8s l&rsquo;avoir \u00e9t\u00e9 \u00e0 l&rsquo;universit\u00e9 de Versailles Saint Quentin en Yvelines. Affiliations institutionnelles\u00a0: Membre du laboratoire Genre, Travail, Mobilit\u00e9s, UMR CNRS 7183- Universit\u00e9 Paris 8-Universit\u00e9 Paris&hellip;<\/p>\n","protected":false},"author":1,"featured_media":0,"parent":102,"menu_order":0,"comment_status":"closed","ping_status":"closed","template":"","meta":{"footnotes":""},"class_list":["post-157","page","type-page","status-publish","hentry","description-off"],"_links":{"self":[{"href":"https:\/\/sociologie.univ-paris8.fr\/index.php?rest_route=\/wp\/v2\/pages\/157","targetHints":{"allow":["GET"]}}],"collection":[{"href":"https:\/\/sociologie.univ-paris8.fr\/index.php?rest_route=\/wp\/v2\/pages"}],"about":[{"href":"https:\/\/sociologie.univ-paris8.fr\/index.php?rest_route=\/wp\/v2\/types\/page"}],"author":[{"embeddable":true,"href":"https:\/\/sociologie.univ-paris8.fr\/index.php?rest_route=\/wp\/v2\/users\/1"}],"replies":[{"embeddable":true,"href":"https:\/\/sociologie.univ-paris8.fr\/index.php?rest_route=%2Fwp%2Fv2%2Fcomments&post=157"}],"version-history":[{"count":1,"href":"https:\/\/sociologie.univ-paris8.fr\/index.php?rest_route=\/wp\/v2\/pages\/157\/revisions"}],"predecessor-version":[{"id":2745,"href":"https:\/\/sociologie.univ-paris8.fr\/index.php?rest_route=\/wp\/v2\/pages\/157\/revisions\/2745"}],"up":[{"embeddable":true,"href":"https:\/\/sociologie.univ-paris8.fr\/index.php?rest_route=\/wp\/v2\/pages\/102"}],"wp:attachment":[{"href":"https:\/\/sociologie.univ-paris8.fr\/index.php?rest_route=%2Fwp%2Fv2%2Fmedia&parent=157"}],"curies":[{"name":"wp","href":"https:\/\/api.w.org\/{rel}","templated":true}]}}