{"id":15,"date":"2005-05-27T09:56:51","date_gmt":"2005-05-27T07:56:51","guid":{"rendered":"?page_id=15"},"modified":"2018-11-03T14:39:20","modified_gmt":"2018-11-03T12:39:20","slug":"avril","status":"publish","type":"page","link":"https:\/\/sociologie.univ-paris8.fr\/?page_id=15","title":{"rendered":"Avril Christelle"},"content":{"rendered":"<h3>depuis 2016 : Ma\u00eetresse de conf\u00e9rences \u00e0 l&rsquo;EHESS<\/h3>\n<p>2009-2016 : Ma\u00eetresse de conf\u00e9rences \u00e0 l&rsquo;universit\u00e9 Paris 13<br \/>\net anciennement PRAG (Professeure agr\u00e9g\u00e9e) \u00e0 Paris 8<\/p>\n<p><img decoding=\"async\" class=\"alignright\" src=\"photo\/avril.jpg\" title=\"Christelle Avril, universite Paris 8\"\/><\/p>\n<p>Les informations les plus r\u00e9centes se trouvent <a href=\"http:\/\/www.cmh.ens.fr\/Avril-Christelle\">sur la page consacr\u00e9e \u00e0 Christelle Avril sur le site du Centre Maurice Halbwachs<\/a>.<\/p>\n<h3>Publications (avant 2008)<\/h3>\n<p>&#8211; Christelle Avril, \u00ab&nbsp;<a href=\"http:\/\/www.cairn.info\/revue-retraite-et-societe-2008-1-p-49.htm\">Les aides \u00e0 domicile pour personnes \u00e2g\u00e9es face \u00e0 la norme de sollicitude<\/a>&nbsp;\u00bb, <i>Retraite et soci\u00e9t\u00e9<\/i>, n\u00b0 53, janvier 2008, p. 49-65<\/p>\n<p>&#8211; Christelle Avril, 2006, \u00ab\u00a0Aide \u00e0 domicile pour personnes \u00e2g\u00e9es : un emploi-refuge\u00a0\u00bb, in. E. Flahault (dir.), <em>L&rsquo;insertion professionnelle des femmes. Entre contraintes et strat\u00e9gies d&rsquo;adaptation<\/em>, Presses Universitaires de Rennes, \u00ab\u00a0Des Soci\u00e9t\u00e9s\u00a0\u00bb, 2006, p. 207-217. [version pr\u00e9liminaire de <a href=\"fichiers\/avril2006a.pdf\">Aide \u00e0 domicile pour personnes \u00e2g\u00e9es : un emploi-refuge<\/a> au format pdf]<\/p>\n<p>&#8211; Christelle Avril, 2006, \u00ab<a href=\"fichiers\/avril2006b.pdf\">Le travail des aides \u00e0 domicile pour personnes \u00e2g\u00e9es: contraintes et savoir-faire [PDF]<\/a>\u00bb, <em>Le Mouvement social<\/em>, num\u00e9ro sp\u00e9cial \u00abLes services. M\u00e9tiers, travaux, syndicats\u00bb, C. Chevandier (dir.), n\u00b0215, avril-juin 2006. [<a href=\"http:\/\/www.cairn.info\/resume.php?ID_REVUE=LMS&#038;ID_NUMPUBLIE=LMS_216&#038;ID_ARTICLE=LMS_216_0087\">R\u00e9sum\u00e9 et article en ligne sur cairn.info<\/a>]<\/p>\n<p><img decoding=\"async\" src=\"fichiers\/couv-societescont.png\" title=\"Societes Contemporaines\" class=\"alignright\"\/> &#8211; C. Avril avec M. Cartier et Y. Siblot, 2005, \u00ab <a href=\"fichiers\/avril2005a.pdf\">Les rapports aux services publics des usagers et agents de milieux populaires : quels effets des r\u00e9formes de \u201cmodernisation?<\/a> \u00bb ?, Soci\u00e9t\u00e9s contemporaines, n\u00b0 58, p. 5-18. <\/p>\n<p>Christelle Avril, 2005, \u00ab Classes populaires et services publics \u00bb, num\u00e9ro sp\u00e9cial de <em>Soci\u00e9t\u00e9s contemporaines<\/em> n\u00b058, co-dirig\u00e9 avec Marie Cartier et Yasmine Siblot [<a href=\"http:\/\/www.editions-harmattan.fr\/index.asp?navig=catalogue&#038;obj=numero&#038;no_revue=32&#038;no=20383\">pr\u00e9sentation du num\u00e9ro<\/a>]<\/p>\n<p>&#8211; Christelle Avril, 2004, Note de lecture : <a href=\"fichiers\/avril2004a.pdf\">Isabelle Gu\u00e9rin, Femmes et \u00e9conomie solidaire<\/a> (pdf), Paris, La d\u00e9couverte, 2003, <em>Gen\u00e8ses<\/em>, n\u00b0 57, Varia, d\u00e9cembre<\/p>\n<p>&#8211; Christelle Avril, 2003, \u00ab <a href=\"fichiers\/avril2003b.pdf\">Les comp\u00e9tences f\u00e9minines des aides \u00e0 domicile<\/a> \u00bb, in Florence Weber, S\u00e9verine Gojard, Agn\u00e8s Gramain, <em>Charges de famille. D\u00e9pendance et parent\u00e9 dans la France contemporaine<\/em>, La D\u00e9couverte, \u00ab Enqu\u00eates de terrain \u00bb, pp. 187-207. <\/p>\n<p>&#8211; Christelle Avril, 2003, \u00ab <a href=\"http:\/\/www.erudit.org\/revue\/lsp\/2003\/v\/n49\/007910ar.pdf\">Quel lien entre travail et classe sociale pour les travailleuses du bas de l&rsquo;\u00e9chelle ? [PDF]<\/a> L&rsquo;exemple des aides \u00e0 domicile aupr\u00e8s de personnes \u00e2g\u00e9es d\u00e9pendantes \u00bb, <em>Lien Social et Politiques<\/em>, n\u00b049, pp. 147-154. (<a href=\"http:\/\/www.erudit.org\/revue\/lsp\/2003\/v\/n49\/index.html\">site de <em>Lien social et politiques<\/em><\/a>)<\/p>\n","protected":false},"excerpt":{"rendered":"<p>depuis 2016 : Ma\u00eetresse de conf\u00e9rences \u00e0 l&rsquo;EHESS 2009-2016 : Ma\u00eetresse de conf\u00e9rences \u00e0 l&rsquo;universit\u00e9 Paris 13 et anciennement PRAG (Professeure agr\u00e9g\u00e9e) \u00e0 Paris 8 Les informations les plus r\u00e9centes se trouvent sur la page consacr\u00e9e \u00e0 Christelle Avril sur le site du Centre Maurice Halbwachs. Publications (avant 2008) &#8211; Christelle Avril, \u00ab&nbsp;Les aides \u00e0&hellip;<\/p>\n","protected":false},"author":1,"featured_media":0,"parent":102,"menu_order":0,"comment_status":"closed","ping_status":"closed","template":"","meta":{"footnotes":""},"class_list":["post-15","page","type-page","status-publish","hentry","description-off"],"_links":{"self":[{"href":"https:\/\/sociologie.univ-paris8.fr\/index.php?rest_route=\/wp\/v2\/pages\/15","targetHints":{"allow":["GET"]}}],"collection":[{"href":"https:\/\/sociologie.univ-paris8.fr\/index.php?rest_route=\/wp\/v2\/pages"}],"about":[{"href":"https:\/\/sociologie.univ-paris8.fr\/index.php?rest_route=\/wp\/v2\/types\/page"}],"author":[{"embeddable":true,"href":"https:\/\/sociologie.univ-paris8.fr\/index.php?rest_route=\/wp\/v2\/users\/1"}],"replies":[{"embeddable":true,"href":"https:\/\/sociologie.univ-paris8.fr\/index.php?rest_route=%2Fwp%2Fv2%2Fcomments&post=15"}],"version-history":[{"count":13,"href":"https:\/\/sociologie.univ-paris8.fr\/index.php?rest_route=\/wp\/v2\/pages\/15\/revisions"}],"predecessor-version":[{"id":8635,"href":"https:\/\/sociologie.univ-paris8.fr\/index.php?rest_route=\/wp\/v2\/pages\/15\/revisions\/8635"}],"up":[{"embeddable":true,"href":"https:\/\/sociologie.univ-paris8.fr\/index.php?rest_route=\/wp\/v2\/pages\/102"}],"wp:attachment":[{"href":"https:\/\/sociologie.univ-paris8.fr\/index.php?rest_route=%2Fwp%2Fv2%2Fmedia&parent=15"}],"curies":[{"name":"wp","href":"https:\/\/api.w.org\/{rel}","templated":true}]}}