{"id":13,"date":"2005-05-27T09:55:27","date_gmt":"2005-05-27T07:55:27","guid":{"rendered":"?page_id=13"},"modified":"2008-12-08T19:16:31","modified_gmt":"2008-12-08T17:16:31","slug":"sauvadet","status":"publish","type":"page","link":"https:\/\/sociologie.univ-paris8.fr\/?page_id=13","title":{"rendered":"Sauvadet Thomas"},"content":{"rendered":"<h3>ATER (Attach\u00e9 Temporaire d&rsquo;Enseignement et de Recherche) jusqu&rsquo;en 2005<\/h3>\n<p><img decoding=\"async\" class=\"alignright\" src=\"photo\/sauvadet.jpg\" title=\"Thomas Sauvadet, universite Paris 8\"\/>Domaines de recherche : sociologie de la d\u00e9viance, sociologie de la sant\u00e9 mentale, sociologie de la jeunesse, sociologie urbaine, sociologie des classes populaires<br \/>\nTh\u00e8se de sociologie r\u00e9alis\u00e9e sous la direction du Professeur Michel Joubert, <i>Processus de ghetto\u00efsation et mode de socialisation : \u00ab les jeunes de la cit\u00e9 \u00bb<\/i>, mention Tr\u00e8s Honorable avec les F\u00e9licitations du jury \u00e0 l&rsquo;unanimit\u00e9, Universit\u00e9 Paris VIII, composition du jury : Michel Joubert (Professeur de l&rsquo;Universit\u00e9 Paris VIII), Jean-Fran\u00e7ois La\u00e9 (Professeur de l&rsquo;Universit\u00e9 Paris VIII), St\u00e9phane Beaud (Professeur de l&rsquo;Universit\u00e9 de Nantes), Jean-Claude Chamboredon (Directeur d&rsquo;\u00e9tudes \u00e0 l&rsquo;EHESS), G\u00e9rard Mauger (Directeur de recherches au CNRS).<br \/>\n<a href=\"fichiers\/thomas-sauvadet.pdf\">CV de Thomas Sauvadet<\/a> (pdf)<\/p>\n<h3>Valorisation de la recherche<\/h3>\n<p>2005- <a href=\"fichiers\/sauvadet-journalparis8.pdf\">Pr\u00e9sentation de la th\u00e8se de Thomas Sauvadet<\/a> dans le <em>Journal de Paris 8, Passerelles<\/em><br \/>\n2005- Interview de <a href=\"fichiers\/sauvadet-direct8.mov\">Thomas Sauvadet sur <em>Direct 8<\/em> (vid\u00e9o au format Quicktime)<\/a>, en novembre 2005.<br \/>\n2006- Interview de Thomas Sauvadet sur <a href=\"http:\/\/www.radiodelameduse.org\/modules\/debaser\/player.php?id=326\">Radio de la M\u00e9duse, autour du \u00ab\u00a0Sentiment de peur du dealer de cit\u00e9\u00a0\u00bb<\/a> (la m\u00eame \u00e9mission, <a href=\"http:\/\/www.radiodelameduse.org\/sons\/ep\/ep_1.mp3\">Epythex, au format MP3<\/a>).<br \/>\n2006- <a href=\"http:\/\/www.ville.gouv.fr\/pdf\/editions\/lettre110.pdf\">Interview de Thomas Sauvadet<\/a> dans le n\u00b0110 de la <em>Lettre de la DIV<\/em>, mai-juin 2006 (\u00e9dition de la D\u00e9l\u00e9gation interminist\u00e9rielle \u00e0 la Ville)<br \/>\n2006- <a href=\"http:\/\/www.humanite.fr\/journal\/2006-10-28\/2006-10-28-839443\">C\u2019est la \u00ab vie de rue \u00bb qui est plus violente<\/a>, tribune libre parue dans <em>L&rsquo;Humanit\u00e9<\/em>, 28 octobre 2006<br \/>\n2006- <a href=\"fichiers\/20061102-sauvadet-frcult.mp3\">Marseille : jeunes dangeureux, jeunes en danger (MP3, 02\/11\/2006)<\/a>, interview sur <em>France Culture<\/em> (journal de 18h)<br \/>\n2006- <a href=\"fichiers\/sauvadet-direct8-2.mov\">Emission \u00ab\u00a0Face \u00e0 Alain Minc\u00a0\u00bb (vid\u00e9o au format Quicktime)<\/a>, 4 novembre 2006<br \/>\n2006- Reportage de l&rsquo;\u00e9mission \u00ab\u00a0C dans l&rsquo;air\u00a0\u00bb, lundi 6 novembre 2006 (sur France5, 18h) (<a href=\"fichiers\/sauvadet-cdanslair.mov\">lien vers le reportage de \u00ab\u00a0C dans l&rsquo;air\u00a0\u00bb (format Quicktime)<\/a>)<br \/>\n2006- Emission \u00ab\u00a0Mots crois\u00e9s\u00a0\u00bb, lundi 6 novembre 2006 (sur France2, 22h30) &#8211; <a href=\"fichiers\/sauvadet-motscroises.mov\">lien vers un extrait de l&rsquo;\u00e9mission au format Quicktime (.mov)<\/a><br \/>\n2006- <a href=\"fichiers\/sauvadet-publicsenat.mov\">Extrait de l&rsquo;\u00e9mission \u00ab\u00a0Bouge la France\u00a0\u00bb, format Quicktime (.mov)<\/a> (lundi 13 novembre 2006, Public S\u00e9nat, 22h30)<br \/>\n2007- <a href=\"http:\/\/homepage.mac.com\/bernardgirard\/Sauvadet.mp3\">Entretien avec Thomas Sauvadet<\/a>, Radio Aligre (Chronique de Bernard Girard) (2 f\u00e9vrier 2007)<br \/>\n2007- <a href=\"http:\/\/www.lexpress.fr\/info\/societe\/dossier\/banlieue\/dossier.asp?ida=455902\">Interview<\/a>, <em>L&rsquo;Express<\/em>, f\u00e9vrier 2007<br \/>\n2007- <a href=\"http:\/\/www.humanite.fr\/journal\/2007-03-17\/2007-03-17-847872\">L\u2019\u00e9l\u00e9vation du niveau de vie est \u00ab la \u00bb grande cause<\/a>, <em>L&rsquo;Humanit\u00e9<\/em>, 17 mars 2007.<br \/>\n2007- <a href=\"fichiers\/sauvadet-franceo.mov\">Extrait de l&rsquo;\u00e9mission \u00ab\u00a0Toutes les France\u00a0\u00bb, format Quicktime (.mov)<\/a> (mardi 13 novembre 2007, France\u00d4, 19h45)<br \/>\n2008- <a href=\"fichiers\/20080208-franceinter-sauvadet.mp3\">Extrait de l&rsquo;\u00e9mission <i>Le t\u00e9l\u00e9phone sonne<\/i><\/a>, sur France Inter (vendredi 8 f\u00e9vrier 2008)<br \/>\n2008- <a href=\"fichiers\/sauvadet-touteslesfrance.mov\">Extrait de l&rsquo;\u00e9mission \u00ab\u00a0Toutes les France\u00a0\u00bb, format Quicktime<\/a> (jeudi 14 f\u00e9vrier 2008, France\u00d4, 19h45)<br \/>\n2008-  Emission \u00ab\u00a0Toutes les France\u00a0\u00bb, (Jeudi 27 Novembre 2008, France\u00d4) : \u00ab\u00a0<a href=\"http:\/\/toutes-les-france.rfo.fr\/index-fr.php?page=player_video&#038;id_article=219\">Quartiers sensibles : emploi, la recette miracle ?<\/a>\u00a0\u00bb<\/p>\n<h3>Publications r\u00e9centes<\/h3>\n<p><strong>Livres<\/strong><\/p>\n<p>Sauvadet Thomas, <em>Le Capital guerrier : Solidarit\u00e9 et concurrence entre jeunes de cit\u00e9<\/em>, Paris, Armand Colin (collection \u00ab\u00a0Soci\u00e9tales\u00a0\u00bb dirig\u00e9e par Fran\u00e7ois de Singly), octobre 2006 [<a href=\"http:\/\/www.amazon.fr\/dp\/2200347022\/\">librairie en ligne<\/a>]<\/p>\n<p><a href=\"http:\/\/www.editions-dilecta.com\"><img decoding=\"async\" src=\"photo\/sauvadet-dilecta.jpg\" alt=\"Jeunes dangereux, jeunes en danger, comprendre les violences sociales Thomas Sauvadet violence en milieu urbain dilecta\" title=\"Jeunes en danger jeunes dangereuse Thomas Sauvadet violence en milieu urbain dilecta\" width=\"150px\" class=\"alignright\"\/><\/a>Sauvadet Thomas, 2006, <em>Jeunes dangereux, jeunes en danger, Comprendre les violences urbaines<\/em>, Paris, <a href=\"http:\/\/www.editions-dilecta.com\">Editions Dilecta<\/a>, coll. \u00ab\u00a0Etat des lieux\u00a0\u00bb [<a href=\"http:\/\/www.editions-dilecta.com\">lien vers les \u00e9ditions Dilecta<\/a>]<\/p>\n<p><strong>Articles<\/strong><\/p>\n<p>Thomas Sauvadet, \u00ab<a href=\"http:\/\/sociologos.revues.org\/document55.html\">Les jeunes \u00ab de la cit\u00e9 \u00bb : comment forment-ils un groupe ?<\/a>\u00bb, <em>Socio-logos<\/em>, Num\u00e9ro 1, [En ligne], mis en ligne le : 11 juin 2006.<\/p>\n<p>Thomas Sauvadet, 2006,  \u00ab<a href=\"http:\/\/rhei.revues.org\/document133.html \">Le sentiment d&rsquo;ins\u00e9curit\u00e9 du \u00ab dealer de cit\u00e9 \u00bb<\/a>\u00bb. <em>Le temps de l&rsquo;histoire, Soci\u00e9tes et jeunesses en difficult\u00e9<\/em> (n\u00b01)  <\/p>\n<p>Sauvadet Thomas, <a href=\"http:\/\/www.cairn.info\/resume.php?ID_REVUE=HER&#038;ID_NUMPUBLIE=HER_113&#038;ID_ARTICLE=HER_113_0113\">\u00ab Jeunes de la cit\u00e9 \u00bb et contr\u00f4le du territoire : le cas d&rsquo;une cit\u00e9 de la banlieue parisienne<\/a>, <i>H\u00e9rodote<\/i>, n\u00b0113, 2004, p.113-133 [Article reproduit dans le premier num\u00e9ro du magazine <em>Grands Articles<\/em>, Septembre-octobre 2005 et pr\u00e9sent\u00e9 au cours de la <a href=\"fichiers\/FrCult20051102Sauvadet.mp3\" title=\"Revue de Presse, France culture, Jean-Louis Ezine, 2 novembre 2005\">Revue de Presse de Jean-Louis Ezine sur France Culture le 2 novembre 2005<\/a>]<\/p>\n<p>Sauvadet Thomas, \u00ab Faut pas m&rsquo;prendre la t\u00eate, moi j&rsquo;suis tar\u00e9 ! \u00bb : impasses psychosociologiques au sein du milieu juv\u00e9nile le plus d\u00e9muni des cit\u00e9s HLM, in Joubert M. (dir.), <i><a href=\"http:\/\/www.edition-eres.com\/resultat.php?Id=1318\">Sant\u00e9 mentale, Ville et Violences<\/a><\/i>, OBVIES-Er\u00e8s, 2003, p.133-153 (participation \u00e0 un ouvrage collectif). <\/p>\n<p>Sauvadet Thomas, <a href=\"http:\/\/librairie.medhyg.ch\/revues\/r_article.php4?article_id=99940066&#038;num_char=0\">Causes et cons\u00e9quences de la recherche de \u00ab capital guerrier \u00bb chez les \u00ab jeunes de la cit\u00e9 \u00bb<\/a>, <i>D\u00e9viance et Soci\u00e9t\u00e9<\/i>, n\u00b02, 2005 <\/p>\n<p>Sauvadet Thomas, L&rsquo;enjeu du \u00ab capital guerrier \u00bb au sein du milieu juv\u00e9nile le plus d\u00e9muni des cit\u00e9s HLM, <i>Soci\u00e9t\u00e9s et Repr\u00e9sentations<\/i>, 2005 <\/p>\n<p>Sauvadet Thomas, Hi\u00e9rarchisation et consommation de drogues chez les \u00ab jeunes de la cit\u00e9 \u00bb, in Joubert M. (dir.), <i>Villes, drogues illicites et politiques de pr\u00e9vention<\/i>, Er\u00e8s, 2005 <\/p>\n<p>Sauvadet Thomas, L&rsquo;autogestion des \u00ab jeunes de la cit\u00e9 \u00bb : l&rsquo;arriv\u00e9e des \u00ab grands fr\u00e8res \u00bb, in Vulbeau A., Callu E. (dir.), <i>La place des jeunes dans la cit\u00e9<\/i>, L&rsquo;Harmattan, 2005<\/p>\n","protected":false},"excerpt":{"rendered":"<p>ATER (Attach\u00e9 Temporaire d&rsquo;Enseignement et de Recherche) jusqu&rsquo;en 2005 Domaines de recherche : sociologie de la d\u00e9viance, sociologie de la sant\u00e9 mentale, sociologie de la jeunesse, sociologie urbaine, sociologie des classes populaires Th\u00e8se de sociologie r\u00e9alis\u00e9e sous la direction du Professeur Michel Joubert, Processus de ghetto\u00efsation et mode de socialisation : \u00ab les jeunes de&hellip;<\/p>\n","protected":false},"author":1,"featured_media":0,"parent":102,"menu_order":0,"comment_status":"closed","ping_status":"closed","template":"","meta":{"footnotes":""},"class_list":["post-13","page","type-page","status-publish","hentry","description-off"],"_links":{"self":[{"href":"https:\/\/sociologie.univ-paris8.fr\/index.php?rest_route=\/wp\/v2\/pages\/13","targetHints":{"allow":["GET"]}}],"collection":[{"href":"https:\/\/sociologie.univ-paris8.fr\/index.php?rest_route=\/wp\/v2\/pages"}],"about":[{"href":"https:\/\/sociologie.univ-paris8.fr\/index.php?rest_route=\/wp\/v2\/types\/page"}],"author":[{"embeddable":true,"href":"https:\/\/sociologie.univ-paris8.fr\/index.php?rest_route=\/wp\/v2\/users\/1"}],"replies":[{"embeddable":true,"href":"https:\/\/sociologie.univ-paris8.fr\/index.php?rest_route=%2Fwp%2Fv2%2Fcomments&post=13"}],"version-history":[{"count":3,"href":"https:\/\/sociologie.univ-paris8.fr\/index.php?rest_route=\/wp\/v2\/pages\/13\/revisions"}],"predecessor-version":[{"id":1022,"href":"https:\/\/sociologie.univ-paris8.fr\/index.php?rest_route=\/wp\/v2\/pages\/13\/revisions\/1022"}],"up":[{"embeddable":true,"href":"https:\/\/sociologie.univ-paris8.fr\/index.php?rest_route=\/wp\/v2\/pages\/102"}],"wp:attachment":[{"href":"https:\/\/sociologie.univ-paris8.fr\/index.php?rest_route=%2Fwp%2Fv2%2Fmedia&parent=13"}],"curies":[{"name":"wp","href":"https:\/\/api.w.org\/{rel}","templated":true}]}}