{"id":11,"date":"2005-05-27T09:54:40","date_gmt":"2005-05-27T07:54:40","guid":{"rendered":"?page_id=11"},"modified":"2015-06-28T10:53:44","modified_gmt":"2015-06-28T08:53:44","slug":"joubert","status":"publish","type":"page","link":"https:\/\/sociologie.univ-paris8.fr\/?page_id=11","title":{"rendered":"Joubert Michel"},"content":{"rendered":"<h3>Professeur<\/h3>\n<p><img decoding=\"async\" class=\"alignright\" src=\"photo\/joubert.jpg\" title=\"Michel Joubert, Paris 8\"\/>Th\u00e8mes de recherche : Sociologie de la sant\u00e9, Membre du laboratoire CSU (Cultures et soci\u00e9t\u00e9s urbaines)<br \/>\n<a href=\"?page_id=89\">e-mail<\/a><\/p>\n<h3>Plans de cours<\/h3>\n<p><b>L&rsquo;entretien<\/b><br \/>\n<a href='wp-content\/uploads\/2005\/05\/joubert-entretien-2011.pdf'>plan de cours et bibliographie, 2011<\/a><\/p>\n<p><b>La pr\u00e9carisation au travail<\/b><\/p>\n<ul>\n<a href='wp-content\/uploads\/2005\/05\/joubert-2010-precarisation2.pdf'>La pr\u00e9carisation au travail, document 1<\/a> et <a href='wp-content\/uploads\/2005\/05\/joubert-2010-precarisation.pdf'>La pr\u00e9carisation au travail, document 2<\/a><br \/>\nDans le cadre du cours \u00ab\u00a0pr\u00e9carisation\u00a0\u00bb : <a href='wp-content\/uploads\/2005\/05\/marienthal-joubert.doc'>pr\u00e9face aux \u00ab\u00a0Ch\u00f4meurs de Marienthal\u00a0\u00bb (fichier .doc)<\/a><\/p>\n<\/ul>\n<p><a href='wp-content\/uploads\/2005\/05\/joubert-2010-suivimemoire.pdf'>Suivi des m\u00e9moires<\/a><\/p>\n<p><a href='wp-content\/uploads\/2005\/05\/joubert-2010-genese.pdf'>Gen\u00e8se des sciences sociales<\/a> : <\/p>\n<ul>\n<li><a href=\"http:\/\/www.cairn.info\/article.php?ID_REVUE=RHSH&#038;ID_NUMPUBLIE=RHSH_011&#038;ID_ARTICLE=RHSH_011_0157\">Quand Robert Park \u00e9crit la ville<\/a><\/li>\n<li><a href=\"http:\/\/www.cairn.info\/article.php?ID_REVUE=LHOM&#038;ID_NUMPUBLIE=LHOM_187&#038;ID_ARTICLE=LHOM_187_0223\">Malentendus transatlantiques<\/a><\/li>\n<li><a href=\"http:\/\/www.cairn.info\/revue-geneses-2003-2-page-147.htm\">Ecrire l&rsquo;histoire des sociologues de Chicago<\/a><\/li>\n<li><a href='wp-content\/uploads\/2005\/05\/tarde-durkheim.doc'>tarde et durkheim sur le suicide<\/a> (fichier .doc)<br \/>\n<a href='wp-content\/uploads\/2005\/05\/crime.doc'>crime et sant\u00e9 sociale<\/a> (fichier .doc)<\/li>\n<li><a href='wp-content\/uploads\/2005\/05\/division.doc'>pr\u00e9face, de la division du travail social<\/a> (fichier .doc)<\/li>\n<\/ul>\n<h3>Publications r\u00e9centes<\/h3>\n<p>Joubert Michel, <a href=\"http:\/\/www.cairn.info\/resume.php?ID_REVUE=PSYT&#038;ID_NUMPUBLIE=PSYT_113&#038;ID_ARTICLE=PSYT_113_0085\">Le r\u00f4le de la recherche en sciences sociales dans les politiques de pr\u00e9vention<\/a>, <em>Psychotropes<\/em>, vol. 11 \u20132005\/3-4, p.85-96<\/p>\n<p>Joubert Michel (dir), <em>Villes et toxicomanies<\/em>. Er\u00e8s, 2005 (<a href=\"fichiers\/joubert-2005a-couv.pdf\">Plus de pr\u00e9cisions sur <em>Villes et toxicomanies<\/em><\/a>)<\/p>\n<p>Joubert Michel (dir), Supports sociaux de sant\u00e9 et pr\u00e9carisation, dans P. Chauvin, I. Parizot (dir), <em>Sant\u00e9 et recours aux soins des populations vuln\u00e9rables<\/em>, Inserm, Questions en sant\u00e9 publique, 2005<\/p>\n<p>Joubert Michel (dir), <a href=\"fichiers\/joubert-2003-couv.pdf\"><em>Sant\u00e9 mentale, ville et violences<\/em>, Er\u00e8s, 2003 <img decoding=\"async\" class=\"alignright\" src=\"fichiers\/joubert-2003-couv.jpg\" title=\"Michel Joubert, Paris 8\"\/><\/a><\/p>\n<p>Joubert Michel, <em>Une approche sociologique de la sant\u00e9 mentale, La sant\u00e9 de l\u2019homme<\/em>, INPES, mai-juin 2002, pp.6-9<\/p>\n<p>Joubert Michel., La vie de Marl\u00e8ne : entre d\u00e9pendance et autonomie, <em>Ethnologie fran\u00e7aise<\/em>, XXXII, 1, 2002, pp. 103-114 <\/p>\n<p>Joubert Michel., avec E. La Rosa, S.M. Consoli, H. Le Cl\u00e9siau, J. Birouste, K. Soufi, <a href=\"http:\/\/www.masson.fr\/masson\/portal\/bookmark?Global=1&#038;Page=18&#038;MenuIdSelected=106&#038;MenuItemSelected=0&#038;MenuSupportSelected=12&#038;CodeRevue4=RESP&#038;CodeProduct4=710&#038;Path=REVUE\/RESP\/2000\/48\/4\/ARTICLE1110892263.xml&#038;Locations=\">\u00c9tude de la souffrance psychosociale et de ses facteurs mod\u00e9rateurs chez les consultants en situation de pr\u00e9carit\u00e9 dans un centre de pr\u00e9vention sanitaire et sociale<\/a>, <em>Revue d&rsquo;Epid\u00e9miologie Et  de Sant\u00e9 Publique<\/em>, 2000, 48, 351-362 <\/p>\n<p>Joubert Michel., Politiques locales et nouveaux dispositifs d\u2019action dans le domaine des toxicomanies, <em>D\u00e9viance et soci\u00e9t\u00e9<\/em>, n\u00b0 2, vol 23, 1999, pp. 165-187<\/p>\n<p>Joubert Michel, Louzoun Claude (dir), <em>R\u00e9pondre \u00e0 la souffrance sociale<\/em>, Er\u00e8s 2005<\/p>\n<p>Joubert Michel, Chauvin P., Facy F ., Ringa V. (eds), <em>Pr\u00e9carisation, risque et sant\u00e9<\/em>, Paris, Editions Inserm, 2001<\/p>\n<p>Joubert Michel, <a href=\"http:\/\/www.persee.fr\/web\/revues\/home\/prescript\/article\/ds_0378-7931_1999_num_23_2_1690\">Politiques locales et nouveaux dispositifs d&rsquo;action dans le domaine des toxicomanies <\/a>, <i>D\u00e9viance et soci\u00e9t\u00e9<\/i> ,  1999, 23-2,  pp. 165-187<\/p>\n","protected":false},"excerpt":{"rendered":"<p>Professeur Th\u00e8mes de recherche : Sociologie de la sant\u00e9, Membre du laboratoire CSU (Cultures et soci\u00e9t\u00e9s urbaines) e-mail Plans de cours L&rsquo;entretien plan de cours et bibliographie, 2011 La pr\u00e9carisation au travail La pr\u00e9carisation au travail, document 1 et La pr\u00e9carisation au travail, document 2 Dans le cadre du cours \u00ab\u00a0pr\u00e9carisation\u00a0\u00bb : pr\u00e9face aux \u00ab\u00a0Ch\u00f4meurs&hellip;<\/p>\n","protected":false},"author":1,"featured_media":0,"parent":102,"menu_order":0,"comment_status":"closed","ping_status":"closed","template":"","meta":{"footnotes":""},"class_list":["post-11","page","type-page","status-publish","hentry","description-off"],"_links":{"self":[{"href":"https:\/\/sociologie.univ-paris8.fr\/index.php?rest_route=\/wp\/v2\/pages\/11","targetHints":{"allow":["GET"]}}],"collection":[{"href":"https:\/\/sociologie.univ-paris8.fr\/index.php?rest_route=\/wp\/v2\/pages"}],"about":[{"href":"https:\/\/sociologie.univ-paris8.fr\/index.php?rest_route=\/wp\/v2\/types\/page"}],"author":[{"embeddable":true,"href":"https:\/\/sociologie.univ-paris8.fr\/index.php?rest_route=\/wp\/v2\/users\/1"}],"replies":[{"embeddable":true,"href":"https:\/\/sociologie.univ-paris8.fr\/index.php?rest_route=%2Fwp%2Fv2%2Fcomments&post=11"}],"version-history":[{"count":12,"href":"https:\/\/sociologie.univ-paris8.fr\/index.php?rest_route=\/wp\/v2\/pages\/11\/revisions"}],"predecessor-version":[{"id":6866,"href":"https:\/\/sociologie.univ-paris8.fr\/index.php?rest_route=\/wp\/v2\/pages\/11\/revisions\/6866"}],"up":[{"embeddable":true,"href":"https:\/\/sociologie.univ-paris8.fr\/index.php?rest_route=\/wp\/v2\/pages\/102"}],"wp:attachment":[{"href":"https:\/\/sociologie.univ-paris8.fr\/index.php?rest_route=%2Fwp%2Fv2%2Fmedia&parent=11"}],"curies":[{"name":"wp","href":"https:\/\/api.w.org\/{rel}","templated":true}]}}