{"id":10915,"date":"2023-09-07T11:37:32","date_gmt":"2023-09-07T09:37:32","guid":{"rendered":"https:\/\/sociologie.univ-paris8.fr\/?page_id=10915"},"modified":"2025-07-24T11:41:23","modified_gmt":"2025-07-24T09:41:23","slug":"lavayssiere-julie","status":"publish","type":"page","link":"https:\/\/sociologie.univ-paris8.fr\/?page_id=10915","title":{"rendered":"Lavayssi\u00e8re Julie"},"content":{"rendered":"\n<h3 class=\"wp-block-heading\">Charg\u00e9e de cours :<\/h3>\n\n\n\n<p>Transformations sociales au XX\u00e8me si\u00e8cle : approche biographique<\/p>\n\n\n\n<p>Lecture d\u2019une grande enqu\u00eate : <em>Chantier interdit au public<\/em><\/p>\n\n\n\n<h3 class=\"wp-block-heading\">Contact :<\/h3>\n\n\n\n<p><a href=\"mailto:lavayssiere.julie@gmail.com\">lavayssiere.julie@gmail.com<\/a><\/p>\n","protected":false},"excerpt":{"rendered":"<p>Charg\u00e9e de cours : Transformations sociales au XX\u00e8me si\u00e8cle : approche biographique Lecture d\u2019une grande enqu\u00eate : Chantier interdit au public Contact : lavayssiere.julie@gmail.com<\/p>\n","protected":false},"author":10,"featured_media":0,"parent":102,"menu_order":0,"comment_status":"closed","ping_status":"closed","template":"","meta":{"footnotes":""},"class_list":["post-10915","page","type-page","status-publish","hentry","description-off"],"_links":{"self":[{"href":"https:\/\/sociologie.univ-paris8.fr\/index.php?rest_route=\/wp\/v2\/pages\/10915","targetHints":{"allow":["GET"]}}],"collection":[{"href":"https:\/\/sociologie.univ-paris8.fr\/index.php?rest_route=\/wp\/v2\/pages"}],"about":[{"href":"https:\/\/sociologie.univ-paris8.fr\/index.php?rest_route=\/wp\/v2\/types\/page"}],"author":[{"embeddable":true,"href":"https:\/\/sociologie.univ-paris8.fr\/index.php?rest_route=\/wp\/v2\/users\/10"}],"replies":[{"embeddable":true,"href":"https:\/\/sociologie.univ-paris8.fr\/index.php?rest_route=%2Fwp%2Fv2%2Fcomments&post=10915"}],"version-history":[{"count":1,"href":"https:\/\/sociologie.univ-paris8.fr\/index.php?rest_route=\/wp\/v2\/pages\/10915\/revisions"}],"predecessor-version":[{"id":10916,"href":"https:\/\/sociologie.univ-paris8.fr\/index.php?rest_route=\/wp\/v2\/pages\/10915\/revisions\/10916"}],"up":[{"embeddable":true,"href":"https:\/\/sociologie.univ-paris8.fr\/index.php?rest_route=\/wp\/v2\/pages\/102"}],"wp:attachment":[{"href":"https:\/\/sociologie.univ-paris8.fr\/index.php?rest_route=%2Fwp%2Fv2%2Fmedia&parent=10915"}],"curies":[{"name":"wp","href":"https:\/\/api.w.org\/{rel}","templated":true}]}}