{"id":10699,"date":"2023-01-18T15:58:48","date_gmt":"2023-01-18T13:58:48","guid":{"rendered":"https:\/\/sociologie.univ-paris8.fr\/?page_id=10699"},"modified":"2024-09-24T11:37:25","modified_gmt":"2024-09-24T09:37:25","slug":"lamy-anatole","status":"publish","type":"page","link":"https:\/\/sociologie.univ-paris8.fr\/?page_id=10699","title":{"rendered":"Lamy Anatole"},"content":{"rendered":"\n<h3 class=\"wp-block-heading\">ATER<\/h3>\n\n\n\n<p><strong>Contact :<\/strong> <a href=\"mailto:lucas.tranchant@univ-paris8.fr\"><\/a><a rel=\"noreferrer noopener\" href=\"mailto:anatole.lamy@gmail.com\" target=\"_blank\">anatole.lamy@gmail.com<\/a><\/p>\n\n\n\n<h3 class=\"wp-block-heading\">Enseignements<\/h3>\n\n\n\n<p>M\u00e9thodes des sciences sociales (L1)<\/p>\n\n\n\n<p>Introduction \u00e0 la d\u00e9mographie et aux statistiques (L2)<\/p>\n\n\n\n<p>Tremplin m\u00e9tiers : approfondissement statistiques (L3)<\/p>\n\n\n\n<p>Introduction aux sciences sociales 2 (L2)<\/p>\n","protected":false},"excerpt":{"rendered":"<p>ATER Contact : anatole.lamy@gmail.com Enseignements M\u00e9thodes des sciences sociales (L1) Introduction \u00e0 la d\u00e9mographie et aux statistiques (L2) Tremplin m\u00e9tiers : approfondissement statistiques (L3) Introduction aux sciences sociales 2 (L2)<\/p>\n","protected":false},"author":10,"featured_media":0,"parent":102,"menu_order":0,"comment_status":"closed","ping_status":"closed","template":"enseignants.php","meta":{"footnotes":""},"class_list":["post-10699","page","type-page","status-publish","hentry","description-off"],"_links":{"self":[{"href":"https:\/\/sociologie.univ-paris8.fr\/index.php?rest_route=\/wp\/v2\/pages\/10699","targetHints":{"allow":["GET"]}}],"collection":[{"href":"https:\/\/sociologie.univ-paris8.fr\/index.php?rest_route=\/wp\/v2\/pages"}],"about":[{"href":"https:\/\/sociologie.univ-paris8.fr\/index.php?rest_route=\/wp\/v2\/types\/page"}],"author":[{"embeddable":true,"href":"https:\/\/sociologie.univ-paris8.fr\/index.php?rest_route=\/wp\/v2\/users\/10"}],"replies":[{"embeddable":true,"href":"https:\/\/sociologie.univ-paris8.fr\/index.php?rest_route=%2Fwp%2Fv2%2Fcomments&post=10699"}],"version-history":[{"count":1,"href":"https:\/\/sociologie.univ-paris8.fr\/index.php?rest_route=\/wp\/v2\/pages\/10699\/revisions"}],"predecessor-version":[{"id":10701,"href":"https:\/\/sociologie.univ-paris8.fr\/index.php?rest_route=\/wp\/v2\/pages\/10699\/revisions\/10701"}],"up":[{"embeddable":true,"href":"https:\/\/sociologie.univ-paris8.fr\/index.php?rest_route=\/wp\/v2\/pages\/102"}],"wp:attachment":[{"href":"https:\/\/sociologie.univ-paris8.fr\/index.php?rest_route=%2Fwp%2Fv2%2Fmedia&parent=10699"}],"curies":[{"name":"wp","href":"https:\/\/api.w.org\/{rel}","templated":true}]}}