{"id":10402,"date":"2022-10-14T18:13:18","date_gmt":"2022-10-14T16:13:18","guid":{"rendered":"?page_id=10402"},"modified":"2025-07-24T11:41:27","modified_gmt":"2025-07-24T09:41:27","slug":"lavoipierre-stephane","status":"publish","type":"page","link":"https:\/\/sociologie.univ-paris8.fr\/?page_id=10402","title":{"rendered":"Lavoipierre St\u00e9phane"},"content":{"rendered":"<h3>Charg\u00e9 de cours :<\/h3>\n<p>Introduction \u00e0 la d\u00e9mographie et aux statistiques<\/p>\n<h3>Contact :<\/h3>\n<p><a href=\"mailto:stephane.lavoipierre@sciencespo.fr\">stephane.lavoipierre@sciencespo.fr<\/a><\/p>\n","protected":false},"excerpt":{"rendered":"<p>Charg\u00e9 de cours : Introduction \u00e0 la d\u00e9mographie et aux statistiques Contact : stephane.lavoipierre@sciencespo.fr<\/p>\n","protected":false},"author":9,"featured_media":0,"parent":102,"menu_order":0,"comment_status":"closed","ping_status":"closed","template":"","meta":{"footnotes":""},"class_list":["post-10402","page","type-page","status-publish","hentry","description-off"],"_links":{"self":[{"href":"https:\/\/sociologie.univ-paris8.fr\/index.php?rest_route=\/wp\/v2\/pages\/10402","targetHints":{"allow":["GET"]}}],"collection":[{"href":"https:\/\/sociologie.univ-paris8.fr\/index.php?rest_route=\/wp\/v2\/pages"}],"about":[{"href":"https:\/\/sociologie.univ-paris8.fr\/index.php?rest_route=\/wp\/v2\/types\/page"}],"author":[{"embeddable":true,"href":"https:\/\/sociologie.univ-paris8.fr\/index.php?rest_route=\/wp\/v2\/users\/9"}],"replies":[{"embeddable":true,"href":"https:\/\/sociologie.univ-paris8.fr\/index.php?rest_route=%2Fwp%2Fv2%2Fcomments&post=10402"}],"version-history":[{"count":2,"href":"https:\/\/sociologie.univ-paris8.fr\/index.php?rest_route=\/wp\/v2\/pages\/10402\/revisions"}],"predecessor-version":[{"id":10921,"href":"https:\/\/sociologie.univ-paris8.fr\/index.php?rest_route=\/wp\/v2\/pages\/10402\/revisions\/10921"}],"up":[{"embeddable":true,"href":"https:\/\/sociologie.univ-paris8.fr\/index.php?rest_route=\/wp\/v2\/pages\/102"}],"wp:attachment":[{"href":"https:\/\/sociologie.univ-paris8.fr\/index.php?rest_route=%2Fwp%2Fv2%2Fmedia&parent=10402"}],"curies":[{"name":"wp","href":"https:\/\/api.w.org\/{rel}","templated":true}]}}