{"id":10208,"date":"2022-02-01T12:30:41","date_gmt":"2022-02-01T10:30:41","guid":{"rendered":"?page_id=10208"},"modified":"2022-10-14T17:36:37","modified_gmt":"2022-10-14T15:36:37","slug":"redondo-michelle","status":"publish","type":"page","link":"https:\/\/sociologie.univ-paris8.fr\/?page_id=10208","title":{"rendered":"Redondo Michelle"},"content":{"rendered":"<h3>ATER<\/h3>\n<p><strong>Contact:<\/strong> <a href=\"mailto:michelle.redondo03@univ-paris8.fr\">michelle.redondo03@univ-paris8.fr<\/a><\/p>\n<p><strong>Enseignements:<\/strong><\/p>\n<p>M3P : Entretien (S1)<\/p>\n<p>Transformations sociales (S1)<\/p>\n<p>Pratique d&rsquo;enqu\u00eate (S1 et S2)<\/p>\n<p><strong>Publications<\/strong><\/p>\n<p><strong>Articles<\/strong><\/p>\n<p>REDONDO, M. F. <em>A Covid-19 e o reconhecimento do trabalho dom\u00e9stico como essencial<\/em>. In: Cientista Sociais e o Coronav\u00edrus. Org: Miriam Pillar Grossi e Rodrigo Toniol.1 edi\u00e7\u00e3o_S\u00e3o Paulo: ANPOCS; Florian\u00f3polis. Trilho da Ilha. 2020. p. 291-296.<\/p>\n<p>REDONDO, M. F. <em>Com \u00eanfase no trabablho dom\u00e9stico\u00a0: o mito do cuidado e a perspectiva do care no contexto da Covid-19<\/em>. In: Covid-19 e Sociedade; ensaios sobre a experi\u00eancia social da pandemia. Org: Barbar\u00e1 Castro.Campinas.SP_Unicamp IFCH. 2020. p. 315-329.<\/p>\n<p>REDONDO, M. F. <em>Au pair : Migra\u00e7\u00e3o e Trabalho do Cuidado <\/em>(Care) In: Mulheres Trabalhadoras : (in) vis\u00edveis ?.1 ed.Belo Horizonte : Fino Tra\u00e7o, 2016, v.1, p. 151-170.<\/p>\n<p><strong>Article dans site internet <\/strong><\/p>\n<p>REDONDO, M. F. <em>A Covid-19 e o reconhecimento do trabalho dom\u00e9stico como essencial<\/em>. <a href=\"https:\/\/www.antropologicas-epidemicas.com.br\/post\/v8a21-o-covid-19-e-o-reconhecimento-do-trabalho-dom%C3%A9stico-como-essencial\">https:\/\/www.antropologicas-epidemicas.com.br\/post\/v8a21-o-covid-19-e-o-reconhecimento-do-trabalho-dom%C3%A9stico-como-essencial<\/a>. In AntroopoLOGICAS EPIDEMIAS. Di\u00e1rio de uma epid\u00eamia. 30.10.2020.<\/p>\n<p>REDONDO, M. F. <em>On ne na\u00eet pas femme (de m\u00e9nage): on le devient. <\/em><a href=\"https:\/\/lirecrire.hypotheses.org\/3285\"><em>https:\/\/lirecrire.hypotheses.org\/3285<\/em><\/a><em>. <\/em>In: Ch\u00e8re Simone de Beauvoir. 11.08.2020.<\/p>\n<p><strong>Compte rendu de lecture<\/strong><\/p>\n<p>REDONDO, Michelle Franco, \u00ab Caroline Ibos<em>, Qui gardera nos enfants ? Les nounous et les m\u00e8res, <\/em>Paris, Flammarion, 2012 <em>\u00bb, <\/em>Note de lecture, <em>Les Cahiers du genre<\/em>, 2013, vol. 54, p. 237-240.<\/p>\n<p><strong>Actes de colloque<\/strong><\/p>\n<p>REDONDO, Michelle Franco; <em>A trajet\u00f3ria da teoria do cuidado e sua contribui\u00e7\u00e3o nos estudos sobre a migra\u00e7\u00e3o feminina<\/em>, 11\/2014, In : Caderno de Resumos. VII<sup>e<\/sup> Congresso Internacional: A vez e a voz das mulheres migrantes em Portugal e na Di\u00e1spora.Universidade do Porto (UP)-Faculdade de Economida (FEP) Porto, pp.20. Porto, Portugal, 2015.<\/p>\n<p>REDONDO, Michelle Franco; <em>Au pair: Migra\u00e7\u00e3o e Trabalho do Care<\/em>, 11\/2014, V Semin\u00e1rio Trabalho e G\u00eanero e III Semin\u00e1rio Internacional do PPGCS-UFU: \u00ab\u00a0Teorias, pesquisas e pr\u00e1ticas sociais\u00a0\u00bb,pp.1-25, Uberl\u00e2ndia, MG, Brasil, 2014<\/p>\n<p>REDONDO, Michelle Franco ; <em>Au pairs e bab\u00e1s: Reflex\u00f5es sobre o trabalho de cuidado<\/em>. In: VII Congresso Latino-Americano de Estudos do Trabalho. O Trabalho noS\u00e9culo XXI. Mudan\u00e7as, impactos e perspectivas, 2013, S\u00e3o Paulo. Anais Congresso Latino-Americano de Estudos do Trabalho, 2013<\/p>\n<p>REDONDO, Michelle Franco ; <em>Etnografia do Capitalismo : o caso da rela\u00e7\u00e3o de g\u00eanero\/Qualidade de vida em uma organiza\u00e7\u00e3o de pesquisa governamental <\/em>In : Caderno de Resumos. XII Congresso Interno de inicia\u00e7\u00e3o cient\u00edfica, Campinas: UNICAMP\/Pr\u00f3-Reitoria, 2005.<\/p>\n<p><strong>Traduction<\/strong><\/p>\n<p>Dani\u00e8le Kergoat, \u00ab Compreender as lutas das mulheres por sua emancipa\u00e7\u00e3o pessoal e coletiva \u00bb, in Renata Moreno (org.), <em>Feminismo, economia e pol\u00edtica: debates para a constru\u00e7\u00e3o da igualdade e autonomia das mulheres<\/em>, S\u00e3o Paulo: SOF Sempreviva Organiza\u00e7\u00e3o Feminista, Todo tipo Editorial, 2014, pp 10. ISBN 978-85-86548-23-9.<\/p>\n<p>&nbsp;<\/p>\n","protected":false},"excerpt":{"rendered":"<p>ATER Contact: michelle.redondo03@univ-paris8.fr Enseignements: M3P : Entretien (S1) Transformations sociales (S1) Pratique d&rsquo;enqu\u00eate (S1 et S2) Publications Articles REDONDO, M. F. A Covid-19 e o reconhecimento do trabalho dom\u00e9stico como essencial. In: Cientista Sociais e o Coronav\u00edrus. Org: Miriam Pillar Grossi e Rodrigo Toniol.1 edi\u00e7\u00e3o_S\u00e3o Paulo: ANPOCS; Florian\u00f3polis. Trilho da Ilha. 2020. p. 291-296. REDONDO,&hellip;<\/p>\n","protected":false},"author":10,"featured_media":0,"parent":102,"menu_order":0,"comment_status":"closed","ping_status":"closed","template":"enseignants.php","meta":{"footnotes":""},"class_list":["post-10208","page","type-page","status-publish","hentry","description-off"],"_links":{"self":[{"href":"https:\/\/sociologie.univ-paris8.fr\/index.php?rest_route=\/wp\/v2\/pages\/10208","targetHints":{"allow":["GET"]}}],"collection":[{"href":"https:\/\/sociologie.univ-paris8.fr\/index.php?rest_route=\/wp\/v2\/pages"}],"about":[{"href":"https:\/\/sociologie.univ-paris8.fr\/index.php?rest_route=\/wp\/v2\/types\/page"}],"author":[{"embeddable":true,"href":"https:\/\/sociologie.univ-paris8.fr\/index.php?rest_route=\/wp\/v2\/users\/10"}],"replies":[{"embeddable":true,"href":"https:\/\/sociologie.univ-paris8.fr\/index.php?rest_route=%2Fwp%2Fv2%2Fcomments&post=10208"}],"version-history":[{"count":4,"href":"https:\/\/sociologie.univ-paris8.fr\/index.php?rest_route=\/wp\/v2\/pages\/10208\/revisions"}],"predecessor-version":[{"id":10217,"href":"https:\/\/sociologie.univ-paris8.fr\/index.php?rest_route=\/wp\/v2\/pages\/10208\/revisions\/10217"}],"up":[{"embeddable":true,"href":"https:\/\/sociologie.univ-paris8.fr\/index.php?rest_route=\/wp\/v2\/pages\/102"}],"wp:attachment":[{"href":"https:\/\/sociologie.univ-paris8.fr\/index.php?rest_route=%2Fwp%2Fv2%2Fmedia&parent=10208"}],"curies":[{"name":"wp","href":"https:\/\/api.w.org\/{rel}","templated":true}]}}