{"id":10,"date":"2005-05-27T09:54:18","date_gmt":"2005-05-27T07:54:18","guid":{"rendered":"?page_id=10"},"modified":"2015-01-27T10:19:12","modified_gmt":"2015-01-27T08:19:12","slug":"duroux","status":"publish","type":"page","link":"https:\/\/sociologie.univ-paris8.fr\/?page_id=10","title":{"rendered":"Duroux Fran\u00e7oise"},"content":{"rendered":"<h3>Professeure<\/h3>\n<p>Fran\u00e7oise Duroux est d\u00e9c\u00e9d\u00e9e en 2015.<\/p>\n<p>&nbsp;<\/p>\n<p>Th\u00e8mes de recherche : Genre, rapports sociaux de sexe. Membre du <a href=\"http:\/\/www.univ-paris8.fr\/ef\/\">Centre d&rsquo;\u00c9tudes F\u00e9minines (Paris 8)<\/a><br \/>\n<a href=\"?page_id=89\">e-mail<\/a><\/p>\n<h3>Parmi ses publications<\/h3>\n<p>&#8211; <a href=\"http:\/\/editionsdelabibliotheque.bpi.fr\/livre\/?GCOI=84240100434290&#038;fa=complements\">F\u00e9minismes I. Les luttes des ann\u00e9es 70<\/a>, Fran\u00e7oise Collin, Fran\u00e7oise Duroux, Florence Rochefort, Collectif. Editions du centre Georges Pompidou &#8211; BPI.<\/p>\n<p>&#8211; <em><a href=\"http:\/\/www.amazon.fr\/exec\/obidos\/redirect?tag=-%26link_code=xm2%26camp=2025%26creative=165953%26path=http:\/\/www.amazon.fr\/gp\/redirect.html%253fASIN=2907883615%2526tag=-%2526lcode=xm2%2526cID=2025%2526ccmID=165953%2526location=\/o\/ASIN\/2907883615%25253FSubscriptionId=-\">Antigone encore. Les Femmes et la loi<\/a><\/em>, Paris, C\u00f4t\u00e9-Femmes, 1993<\/p>\n<p>&#8211; Fran\u00e7oise Duroux, \u00ab\u00a0La soci\u00e9t\u00e9 des femmes\u00a0\u00bb, <em>Les Cahiers du Grif<\/em>, D&rsquo;Amour et de raison, hiver 1983-84<br \/>\n&#8211; \u00ab De l\u2019inopportunit\u00e9 du gouvernement des femmes \u00bb, <em>Cahiers du Grif<\/em> 1992.<br \/>\n&#8211; \u00ab Des passions et de la comp\u00e9tence politique : Spinoza \u00bb in <em>Cahiers du GRIF<\/em>, n\u00b046, \u00ab Provenances de la pens\u00e9e \u00bb, Editions Tierce, 1992<br \/>\n&#8211; <a href=\"http:\/\/multitudes.samizdat.net\/article.php3?id_article=1007\">Sur \u00a0\u00bb L\u2019exercice du savoir et la diff\u00e9rence des sexes\u00a0\u00bb<\/a>, <em>Le Futur ant\u00e9rieur<\/em>, 1993 (avril).<br \/>\n&#8211; avec J. Ezekiel et M. Ferrand : Etudes f\u00e9ministes et \u00e9tudes sur les femmes en France en 1995, Bulletin de l&rsquo;ANEF suppl. no.18, \u00e9t\u00e9 1995, pp. 1-43.<br \/>\n&#8211; <a href=\"http:\/\/multitudes.samizdat.net\/article.php3?id_article=905\">Pouvoirs pouvoir : constat, pol\u00e9mique, fondements<\/a>, <em>Le Futur ant\u00e9rieur<\/em>, 1995, n\u00b025-26<br \/>\n&#8211; avec F. Gaspard et M. Riot-Sarcey : <a href=\"http:\/\/multitudes.samizdat.net\/article.php3?id_article=934\">A propos de parit\u00e9<\/a>, <em>Futur Ant\u00e9rieur<\/em> n\u00b028, 1995-2, pp. 131-145.<br \/>\n&#8211; \u00ab La cit\u00e9 et les femmes \u00bb, <em>Australian journal of French Studies<\/em> Vol. XXXIV N\u00b01, 1997.<br \/>\n&#8211; \u00ab Comment philosophe une femme \u00bb, Cahiers du GRIF Descartes et Cie, 1997.<br \/>\n&#8211; \u00ab Paradoxes de la parit\u00e9 \u00bb in \u00ab La citoyennet\u00e9 et la femme \u00bb (La Mazarine 1998)<br \/>\n&#8211; \u00ab Parit\u00e9, on conna\u00eet la chanson \u00bb in <em>Le pi\u00e8ge de la Parit\u00e9<\/em>, Hachette Pluriel, 1999<br \/>\n&#8211; \u00ab Statut des \u00e9tudes f\u00e9ministes en France \u00bb. <em>Dipl\u00f4m\u00e9es<\/em>, 2001, 188 (Mars): 3-7.<br \/>\n&#8211; \u00ab Psychanalyse, diff\u00e9rence des sexes et f\u00e9minisme \u00bb in <em>Les femmes , mais qu\u2019est-ce qu\u2019elles veulent ?<\/em> sous la direction de H. Leli\u00e8vre, Actes du colloque du Monde diplomatique (Le Mans 2000), Bruxelles, Editions Complexe, 2001<\/p>\n","protected":false},"excerpt":{"rendered":"<p>Professeure Fran\u00e7oise Duroux est d\u00e9c\u00e9d\u00e9e en 2015. &nbsp; Th\u00e8mes de recherche : Genre, rapports sociaux de sexe. Membre du Centre d&rsquo;\u00c9tudes F\u00e9minines (Paris 8) e-mail Parmi ses publications &#8211; F\u00e9minismes I. Les luttes des ann\u00e9es 70, Fran\u00e7oise Collin, Fran\u00e7oise Duroux, Florence Rochefort, Collectif. Editions du centre Georges Pompidou &#8211; BPI. &#8211; Antigone encore. Les Femmes&hellip;<\/p>\n","protected":false},"author":1,"featured_media":0,"parent":102,"menu_order":0,"comment_status":"closed","ping_status":"closed","template":"","meta":{"footnotes":""},"class_list":["post-10","page","type-page","status-publish","hentry","description-off"],"_links":{"self":[{"href":"https:\/\/sociologie.univ-paris8.fr\/index.php?rest_route=\/wp\/v2\/pages\/10","targetHints":{"allow":["GET"]}}],"collection":[{"href":"https:\/\/sociologie.univ-paris8.fr\/index.php?rest_route=\/wp\/v2\/pages"}],"about":[{"href":"https:\/\/sociologie.univ-paris8.fr\/index.php?rest_route=\/wp\/v2\/types\/page"}],"author":[{"embeddable":true,"href":"https:\/\/sociologie.univ-paris8.fr\/index.php?rest_route=\/wp\/v2\/users\/1"}],"replies":[{"embeddable":true,"href":"https:\/\/sociologie.univ-paris8.fr\/index.php?rest_route=%2Fwp%2Fv2%2Fcomments&post=10"}],"version-history":[{"count":3,"href":"https:\/\/sociologie.univ-paris8.fr\/index.php?rest_route=\/wp\/v2\/pages\/10\/revisions"}],"predecessor-version":[{"id":6573,"href":"https:\/\/sociologie.univ-paris8.fr\/index.php?rest_route=\/wp\/v2\/pages\/10\/revisions\/6573"}],"up":[{"embeddable":true,"href":"https:\/\/sociologie.univ-paris8.fr\/index.php?rest_route=\/wp\/v2\/pages\/102"}],"wp:attachment":[{"href":"https:\/\/sociologie.univ-paris8.fr\/index.php?rest_route=%2Fwp%2Fv2%2Fmedia&parent=10"}],"curies":[{"name":"wp","href":"https:\/\/api.w.org\/{rel}","templated":true}]}}